{"id":333406,"date":"2021-02-24T11:07:44","date_gmt":"2021-02-24T11:07:44","guid":{"rendered":"https:\/\/www.keltis.eu\/?page_id=333406"},"modified":"2021-02-24T11:23:01","modified_gmt":"2021-02-24T11:23:01","slug":"razvoj-podezelja","status":"publish","type":"page","link":"https:\/\/www.keltis.eu\/sl\/razvoj-podezelja\/","title":{"rendered":"Razvoj pode\u017eelja"},"content":{"rendered":"<p>[et_pb_section fb_built=&#8221;1&#8243; custom_padding_last_edited=&#8221;on|phone&#8221; _builder_version=&#8221;4.9.0&#8243; _module_preset=&#8221;default&#8221; use_background_color_gradient=&#8221;on&#8221; background_color_gradient_start=&#8221;#eeeeee&#8221; background_color_gradient_end=&#8221;#d4b08b&#8221; background_color_gradient_direction=&#8221;90deg&#8221; background_color_gradient_start_position=&#8221;70.3%&#8221; background_color_gradient_end_position=&#8221;0%&#8221; background_enable_image=&#8221;off&#8221; custom_margin=&#8221;-1px||||false|false&#8221; custom_padding=&#8221;26px||26px||true|false&#8221; custom_padding_tablet=&#8221;&#8221; custom_padding_phone=&#8221;22px||22px||true|false&#8221; global_module=&#8221;258604&#8243; saved_tabs=&#8221;all&#8221;][et_pb_row _builder_version=&#8221;4.9.0&#8243; _module_preset=&#8221;default&#8221; width=&#8221;63%&#8221; width_tablet=&#8221;89%&#8221; width_phone=&#8221;&#8221; width_last_edited=&#8221;on|phone&#8221;][et_pb_column type=&#8221;4_4&#8243; _builder_version=&#8221;4.9.0&#8243; _module_preset=&#8221;default&#8221;][et_pb_post_title meta=&#8221;off&#8221; featured_image=&#8221;off&#8221; _builder_version=&#8221;4.9.0&#8243; _module_preset=&#8221;default&#8221; title_font=&#8221;Montserrat||||||||&#8221; title_font_size=&#8221;39px&#8221; title_font_size_tablet=&#8221;29px&#8221; title_font_size_phone=&#8221;25px&#8221; title_font_size_last_edited=&#8221;on|phone&#8221;][\/et_pb_post_title][\/et_pb_column][\/et_pb_row][\/et_pb_section][et_pb_section fb_built=&#8221;1&#8243; _builder_version=&#8221;4.9.0&#8243; _module_preset=&#8221;default&#8221;][et_pb_row _builder_version=&#8221;4.9.0&#8243; _module_preset=&#8221;default&#8221;][et_pb_column type=&#8221;4_4&#8243; _builder_version=&#8221;4.9.0&#8243; _module_preset=&#8221;default&#8221;][et_pb_text _builder_version=&#8221;4.9.0&#8243; _module_preset=&#8221;default&#8221; hover_enabled=&#8221;0&#8243; sticky_enabled=&#8221;0&#8243;]<\/p>\n<h2>PROGRAM RAZVOJA PODE\u017dELJA 2014 -2020<\/h2>\n<h3><strong>Naziv aktivnosti: Ekolo\u0161ko kmetovanje (ukrep 11)<\/strong><\/h3>\n<p><strong>Cilji:<\/strong><span>\u00a0<\/span>Spodbuditi kmetijska gospodarstva za izvajanje ekolo\u0161kega na\u010dina kmetovanja<br \/>\nPri\u010dakovani rezultati: Prispevek k zagotavljanju javnih dobrin, predvsem k ohranjanju oziroma izbolj\u0161evanju biotske raznovrstnosti, ohranjanju virov pitne vode, rodovitnosti tal, kulturne kmetijske krajine, varovanju okolja nasploh.<\/p>\n<h3><strong>Naziv aktivnosti: Kmetijsko-okoljska-podnebna pla\u010dila (ukrep 10)<\/strong><\/h3>\n<p><strong>Cilji:<\/strong><span>\u00a0<\/span>Zmanj\u0161ati vplive kmetovanja na okolje.<br \/>\nPri\u010dakovani rezultati: Ohranjanje biotske raznovrstnosti in krajine, ustrezno gospodarjenje z vodami in upravljanje s tlemi ter bla\u017eenje in prilagajanje kmetovanja podnebnim spremembam.<\/p>\n<h3><strong>Naziv aktivnosti: Pla\u010dila obmo\u010djem z naravnimi ali drugimi posebnimi omejitvami (ukrep 13)<\/strong><\/h3>\n<p><strong>Cilji:<\/strong><span>\u00a0<\/span>Ohraniti obdelanost kmetijskih zemlji\u0161\u010d, ohraniti poseljenosti pode\u017eelskih obmo\u010dij in zagotavljati javne koristi na obmo\u010djih z naravnimi ali drugimi posebnimi omejitvami (OMD).<br \/>\nPri\u010dakovani rezultati: Pla\u010dila OMD bodo prispevala k ohranjanju in spodbujanju sonaravnih sistemov kmetovanja, ohranjanju kulturne krajine pode\u017eelskih obmo\u010dij ter trajnostni rabi kmetijskih zemlji\u0161\u010d.<\/p>\n<h3><strong>Naziv aktivnosti<\/strong><\/h3>\n<p>Miha Kelhar, Vrhovnica 5a, 8259 Bizeljsko, je prejemnik financnih sredstev iz naslova Podukrepa 4.2 \u2013 Podpora za nalozbe v predelavo, tr\u017eenje oziroma razvoj kmetijskih proizvodov za leto 2018 iz Programa razvoja podezelja Republike Slovenije za obdobje 2014\u20132020 (PRP 2014\u20132020). Aktivnost je sofinancirana iz Evropskega kmetijskega sklada za razvoj podezelja (EKSRP). Sredstva so mu odobrena za projekt \u00bbNAKUP KLETARSKE OPREME(oprema za predelavo grozdja in skladi\u0161\u010denje mo\u0161ta in vina)\u00ab.<\/p>\n<h3><strong>Opis aktivnosti<\/strong><\/h3>\n<p>V okviru aktivnosti \u00bbNAKUP KLETARSKE OPREME\u00ab je potekala nalo\u017eba v nakup opreme za predelavo vina v vinski kleti na kmetiji Kelhar. Nalo\u017eba je sofinancirana s finan\u010dno podporo Evropske unije.<br \/>\nCilj aktivnosti in izvedene nalo\u017ebe je izbolj\u0161ati proizvodne pogoje, zni\u017eati stro\u0161ke in pove\u010dati produktivnost na kmetiji Kelhar ter preko tega izbolj\u0161ati poslovne rezultate kmetije. Nalo\u017eba prispeva k doseganju ciljev na podro\u010dju modernizacije kmetijskega in predelovalnega sektorja v Sloveniji.<br \/>\nRezultati aktivnosti: nova sodobna kletarska oprema v vinski kleti, dvig dodane vrednosti proizvodov kmetije in ustvarjeni pogoji za nadaljnjo rast in razvoj kmetije.<\/p>\n<h3><strong>Naziv aktivnosti<\/strong><\/h3>\n<p>Miha Kelhar, Vrhovnica 5a, 8259 Bizeljsko, je prejemnik finan\u010dnih sredstev iz naslova podukrepa 6.1 \u2013 Pomo\u010d za zagon dejavnosti za mlade kmete za leto 2018 iz Programa razvoja pode\u017eelja Republike Slovenije za obdobje 2014\u20132020 (PRP 2014\u20132020). Aktivnost je sofinancirana iz Evropskega kmetijskega sklada za razvoj pode\u017eelja (EKSRP). Sredstva so mu odobrena za projekt :nakup nove kmetijske mehanizacije, nakup informacijsko komunikacijske tehnologije, nakup specialne kmetijske mehanizacije in ohranjanje kmetijske proizvodnje.<\/p>\n<h3><strong>Opis aktivnosti<\/strong><\/h3>\n<p>Pove\u010danje konkuren\u010dnosti kmetijskega gospodarstva, z nakupom nove kmetijske mehanizacije. Ohranjanje kmetijske proizvodnje, nakup informacijsko komunikacijske tehnologije in nakup specialne kmetijske mehanizacije za strme terene.<br \/>\n<strong><\/strong><\/p>\n<h3><strong>Povezave<\/strong><\/h3>\n<p><a href=\"http:\/\/ec.europa.eu\/agriculture\/rural-development-2014-2020\/index_sl.htm\">http:\/\/ec.europa.eu\/agriculture\/rural-development-2014-2020\/index_sl.htm<\/a><\/p>\n<p><a href=\"http:\/\/www.program-podezelja.si\/\">www.program-podezelja.si\/<\/a><br \/>\n[\/et_pb_text][\/et_pb_column][\/et_pb_row][\/et_pb_section]<\/p>\n","protected":false},"excerpt":{"rendered":"<p>PROGRAM RAZVOJA PODE\u017dELJA 2014 -2020 Naziv aktivnosti: Ekolo\u0161ko kmetovanje (ukrep 11) Cilji:\u00a0Spodbuditi kmetijska gospodarstva za izvajanje ekolo\u0161kega na\u010dina kmetovanja Pri\u010dakovani rezultati: Prispevek k zagotavljanju javnih dobrin, predvsem k ohranjanju oziroma izbolj\u0161evanju biotske raznovrstnosti, ohranjanju virov pitne vode, rodovitnosti tal, kulturne kmetijske krajine, varovanju okolja nasploh. Naziv aktivnosti: Kmetijsko-okoljska-podnebna pla\u010dila (ukrep 10) Cilji:\u00a0Zmanj\u0161ati vplive kmetovanja na [&hellip;]<\/p>\n","protected":false},"author":1,"featured_media":0,"parent":0,"menu_order":0,"comment_status":"closed","ping_status":"closed","template":"","meta":{"_seopress_robots_primary_cat":"","_seopress_titles_title":"","_seopress_titles_desc":"","_seopress_robots_index":"","_et_pb_use_builder":"on","_et_pb_old_content":"","_et_gb_content_width":"","footnotes":""},"class_list":["post-333406","page","type-page","status-publish","hentry"],"_links":{"self":[{"href":"https:\/\/www.keltis.eu\/sl\/wp-json\/wp\/v2\/pages\/333406","targetHints":{"allow":["GET"]}}],"collection":[{"href":"https:\/\/www.keltis.eu\/sl\/wp-json\/wp\/v2\/pages"}],"about":[{"href":"https:\/\/www.keltis.eu\/sl\/wp-json\/wp\/v2\/types\/page"}],"author":[{"embeddable":true,"href":"https:\/\/www.keltis.eu\/sl\/wp-json\/wp\/v2\/users\/1"}],"replies":[{"embeddable":true,"href":"https:\/\/www.keltis.eu\/sl\/wp-json\/wp\/v2\/comments?post=333406"}],"version-history":[{"count":3,"href":"https:\/\/www.keltis.eu\/sl\/wp-json\/wp\/v2\/pages\/333406\/revisions"}],"predecessor-version":[{"id":333432,"href":"https:\/\/www.keltis.eu\/sl\/wp-json\/wp\/v2\/pages\/333406\/revisions\/333432"}],"wp:attachment":[{"href":"https:\/\/www.keltis.eu\/sl\/wp-json\/wp\/v2\/media?parent=333406"}],"curies":[{"name":"wp","href":"https:\/\/api.w.org\/{rel}","templated":true}]}}